{"id":1408,"date":"2016-08-17T11:19:52","date_gmt":"2016-08-17T11:19:52","guid":{"rendered":"http:\/\/necmidoner.com\/?page_id=1408"},"modified":"2022-09-19T18:40:36","modified_gmt":"2022-09-19T15:40:36","slug":"necmi-usta-menu","status":"publish","type":"page","link":"https:\/\/necmidoner.com\/en\/necmi-usta-menu\/","title":{"rendered":"Menu"},"content":{"rendered":"<div data-vc-full-width=\"true\" data-vc-full-width-init=\"false\" class=\"vc_row wpb_row vc_row-fluid vc_custom_1662369725849 vc_row-has-fill\"><div class=\"wpb_column vc_column_container vc_col-sm-12\"><div class=\"vc_column-inner\"><div class=\"wpb_wrapper\"><div class=\"vc_empty_space\"   style=\"height: 2em\"><span class=\"vc_empty_space_inner\"><\/span><\/div><h1 class=\"sc_title sc_title_regular sc_align_center margin_top_huge margin_bottom_medium\" style=\"text-align:center;\">Necmi Usta Menu<\/h1><div class=\"vc_empty_space\"   style=\"height: 5px\"><span class=\"vc_empty_space_inner\"><\/span><\/div><div id=\"sc_tabs_2145815533\" class=\"sc_tabs sc_tabs_style_1 margin_bottom_small\" data-active=\"0\"><ul class=\"sc_tabs_titles\"><li class=\"sc_tabs_title first\"><a href=\"#sc_tab_1461593592_1_96\" class=\"theme_button\" id=\"sc_tab_1461593592_1_96_tab\">Wraps<\/a><\/li><li class=\"sc_tabs_title\"><a href=\"#sc_tab_1461593592_2_97\" class=\"theme_button\" id=\"sc_tab_1461593592_2_97_tab\">Portion service<\/a><\/li><li class=\"sc_tabs_title last\"><a href=\"#sc_tab_1461593640783_7\" class=\"theme_button\" id=\"sc_tab_1461593640783_7_tab\">Beverages<\/a><\/li><\/ul><div id=\"sc_tab_1461593592_1_96\" class=\"sc_tabs_content odd first\"><div id=\"sc_menuitems_1230530400_wrap\" class=\"sc_menuitems_wrap scheme_original\"><div id=\"sc_menuitems_1230530400\" class=\"sc_menuitems sc_menuitems_style_menuitems-1\" style=\"width:100%;\"><div class=\"sc_columns columns_wrap\"><div class=\"column-1_2 column_padding_bottom\">\t\t\t<div id=\"sc_menuitems_1230530400_1\" \n\t\t\t\tclass=\"sc_menuitems_item sc_menuitems_item_1 odd first\"\n\t\t\t\t>\n\t\t\t\t<div class=\"sc_menuitem_image\"><a class=\"show_popup_menuitem\" href=\"#\" data-rel=\"2084\" ><img decoding=\"async\" class=\"wp-post-image\" width=\"370\" height=\"370\" alt=\"Necmi Usta &#8211; Tavuk D\u00fcr\u00fcm\" src=\"https:\/\/i0.wp.com\/necmidoner.com\/wp-content\/uploads\/2022\/10\/tavuk-durum.jpg?fit=800%2C533&#038;ssl=1\"><\/a><\/div>\n\t\t\t\t<div class=\"sc_menuitem_info\">\n\t\t\t\t\t<h5 class=\"sc_menuitem_title\"><a class=\"show_popup_menuitem\" href=\"#\" data-rel=\"2084\" >Necmi Usta \u2013 Chicken Wrap<\/a><\/h5>\n\t\t\t\t\t<div class=\"sc_menuitem_description\">Potatoes \u2013 Pickles \u2013 Garlic Mayonnaise \u2013 Ketchup<\/div>\n\t\t\t\t<\/div>\n\n\t\t\t<\/div>\n\t\t<\/div><div class=\"column-1_2 column_padding_bottom\">\t\t\t<div id=\"sc_menuitems_1230530400_2\" \n\t\t\t\tclass=\"sc_menuitems_item sc_menuitems_item_2 even\"\n\t\t\t\t>\n\t\t\t\t<div class=\"sc_menuitem_image\"><a class=\"show_popup_menuitem\" href=\"#\" data-rel=\"1880\" ><img decoding=\"async\" class=\"wp-post-image\" width=\"370\" height=\"370\" alt=\"Necmi Usta &#8211; Zurna D\u00fcr\u00fcm\" src=\"https:\/\/i0.wp.com\/necmidoner.com\/wp-content\/uploads\/2022\/10\/zurna-durum.jpg?fit=800%2C533&#038;ssl=1\"><\/a><\/div>\n\t\t\t\t<div class=\"sc_menuitem_info\">\n\t\t\t\t\t<h5 class=\"sc_menuitem_title\"><a class=\"show_popup_menuitem\" href=\"#\" data-rel=\"1880\" >Master Necmi \u2013 Zurna D\u00fcr\u00fcm<\/a><\/h5>\n\t\t\t\t\t<div class=\"sc_menuitem_description\">Potatoes \u2013 Pickles \u2013 Garlic Mayonnaise \u2013 Ketchup<\/div>\n\t\t\t\t<\/div>\n\n\t\t\t<\/div>\n\t\t<\/div><\/div><\/div><!-- \/.sc_menuitems --><\/div><!-- \/.sc_menuitems_wrap --><\/div><div id=\"sc_tab_1461593592_2_97\" class=\"sc_tabs_content even\"><div id=\"sc_menuitems_770868023_wrap\" class=\"sc_menuitems_wrap\"><div id=\"sc_menuitems_770868023\" class=\"sc_menuitems sc_menuitems_style_menuitems-1\" style=\"width:100%;\"><div class=\"sc_columns columns_wrap\"><div class=\"column-1_2 column_padding_bottom\">\t\t\t<div id=\"sc_menuitems_770868023_1\" \n\t\t\t\tclass=\"sc_menuitems_item sc_menuitems_item_1 odd first\"\n\t\t\t\t>\n\t\t\t\t<div class=\"sc_menuitem_image\"><a class=\"show_popup_menuitem\" href=\"#\" data-rel=\"2083\" ><img decoding=\"async\" class=\"wp-post-image\" width=\"370\" height=\"370\" alt=\"Necmi Usta &#8211; Tabak Servis 100 Gr.\" src=\"https:\/\/i0.wp.com\/necmidoner.com\/wp-content\/uploads\/2022\/10\/tabak-servis-2.jpg?fit=800%2C533&#038;ssl=1\"><\/a><\/div>\n\t\t\t\t<div class=\"sc_menuitem_info\">\n\t\t\t\t\t<h5 class=\"sc_menuitem_title\"><a class=\"show_popup_menuitem\" href=\"#\" data-rel=\"2083\" >Necmi Usta \u2013 Plate Service 100 Gr.<\/a><\/h5>\n\t\t\t\t\t<div class=\"sc_menuitem_description\">Necmi Usta \u2013 Plate Service 100 Gr.<\/div>\n\t\t\t\t<\/div>\n\n\t\t\t<\/div>\n\t\t<\/div><div class=\"column-1_2 column_padding_bottom\">\t\t\t<div id=\"sc_menuitems_770868023_2\" \n\t\t\t\tclass=\"sc_menuitems_item sc_menuitems_item_2 even\"\n\t\t\t\t>\n\t\t\t\t<div class=\"sc_menuitem_image\"><a class=\"show_popup_menuitem\" href=\"#\" data-rel=\"2082\" ><img decoding=\"async\" class=\"wp-post-image\" width=\"370\" height=\"370\" alt=\"Necmi Usta &#8211; Tabak Servis 150 Gr.\" src=\"https:\/\/i0.wp.com\/necmidoner.com\/wp-content\/uploads\/2022\/10\/tabak-servis-2.jpg?fit=800%2C533&#038;ssl=1\"><\/a><\/div>\n\t\t\t\t<div class=\"sc_menuitem_info\">\n\t\t\t\t\t<h5 class=\"sc_menuitem_title\"><a class=\"show_popup_menuitem\" href=\"#\" data-rel=\"2082\" >Necmi Usta \u2013 Plate Service 150 Gr.<\/a><\/h5>\n\t\t\t\t\t<div class=\"sc_menuitem_description\">Necmi Usta \u2013 Plate Service 150 Gr.<\/div>\n\t\t\t\t<\/div>\n\n\t\t\t<\/div>\n\t\t<\/div><div class=\"column-1_2 column_padding_bottom\">\t\t\t<div id=\"sc_menuitems_770868023_3\" \n\t\t\t\tclass=\"sc_menuitems_item sc_menuitems_item_3 odd\"\n\t\t\t\t>\n\t\t\t\t<div class=\"sc_menuitem_image\"><a class=\"show_popup_menuitem\" href=\"#\" data-rel=\"2081\" ><img decoding=\"async\" class=\"wp-post-image\" width=\"370\" height=\"370\" alt=\"Necmi Usta &#8211; Patates Cipsi\" src=\"https:\/\/i0.wp.com\/necmidoner.com\/wp-content\/uploads\/2022\/09\/patates-cips.jpg?fit=640%2C440&#038;ssl=1\"><\/a><\/div>\n\t\t\t\t<div class=\"sc_menuitem_info\">\n\t\t\t\t\t<h5 class=\"sc_menuitem_title\"><a class=\"show_popup_menuitem\" href=\"#\" data-rel=\"2081\" >Necmi Usta \u2013 Potato Chips<\/a><\/h5>\n\t\t\t\t\t<div class=\"sc_menuitem_description\">Necmi Usta \u2013 Potato Chips (French Fries)<\/div>\n\t\t\t\t<\/div>\n\n\t\t\t<\/div>\n\t\t<\/div><\/div><\/div><!-- \/.sc_menuitems --><\/div><!-- \/.sc_menuitems_wrap --><\/div><div id=\"sc_tab_1461593640783_7\" class=\"sc_tabs_content odd\"><div id=\"sc_menuitems_556595138_wrap\" class=\"sc_menuitems_wrap\"><div id=\"sc_menuitems_556595138\" class=\"sc_menuitems sc_menuitems_style_menuitems-1\" style=\"width:100%;\"><div class=\"sc_columns columns_wrap\"><div class=\"column-1_3 column_padding_bottom\">\t\t\t<div id=\"sc_menuitems_556595138_1\" \n\t\t\t\tclass=\"sc_menuitems_item sc_menuitems_item_1 odd first\"\n\t\t\t\t>\n\t\t\t\t<div class=\"sc_menuitem_image\"><a class=\"show_popup_menuitem\" href=\"#\" data-rel=\"2077\" ><img decoding=\"async\" class=\"wp-post-image\" width=\"370\" height=\"370\" alt=\"Coca Cola Kutu 330 Ml.\" src=\"https:\/\/i0.wp.com\/necmidoner.com\/wp-content\/uploads\/2022\/09\/coca-cola-kutu-330-ml-6642-87-B.jpg?fit=800%2C800&#038;ssl=1\"><\/a><\/div>\n\t\t\t\t<div class=\"sc_menuitem_info\">\n\t\t\t\t\t<h5 class=\"sc_menuitem_title\"><a class=\"show_popup_menuitem\" href=\"#\" data-rel=\"2077\" >Coca Cola Can 330 Ml.<\/a><\/h5>\n\t\t\t\t\t<div class=\"sc_menuitem_description\">Coca Cola Can 330 Ml.<\/div>\n\t\t\t\t<\/div>\n\n\t\t\t<\/div>\n\t\t<\/div><div class=\"column-1_3 column_padding_bottom\">\t\t\t<div id=\"sc_menuitems_556595138_2\" \n\t\t\t\tclass=\"sc_menuitems_item sc_menuitems_item_2 even\"\n\t\t\t\t>\n\t\t\t\t<div class=\"sc_menuitem_image\"><a class=\"show_popup_menuitem\" href=\"#\" data-rel=\"2075\" ><img decoding=\"async\" class=\"wp-post-image\" width=\"370\" height=\"370\" alt=\"Fanta Kutu 330 Ml.\" src=\"https:\/\/i0.wp.com\/necmidoner.com\/wp-content\/uploads\/2022\/09\/fanta-portakal-kutu-330-ml-6640-26-B.jpg?fit=800%2C800&#038;ssl=1\"><\/a><\/div>\n\t\t\t\t<div class=\"sc_menuitem_info\">\n\t\t\t\t\t<h5 class=\"sc_menuitem_title\"><a class=\"show_popup_menuitem\" href=\"#\" data-rel=\"2075\" >Fanta Box 330 Ml.<\/a><\/h5>\n\t\t\t\t\t<div class=\"sc_menuitem_description\">Fanta Box 330 Ml.<\/div>\n\t\t\t\t<\/div>\n\n\t\t\t<\/div>\n\t\t<\/div><div class=\"column-1_3 column_padding_bottom\">\t\t\t<div id=\"sc_menuitems_556595138_3\" \n\t\t\t\tclass=\"sc_menuitems_item sc_menuitems_item_3 odd\"\n\t\t\t\t>\n\t\t\t\t<div class=\"sc_menuitem_image\"><a class=\"show_popup_menuitem\" href=\"#\" data-rel=\"2073\" ><img decoding=\"async\" class=\"wp-post-image\" width=\"370\" height=\"370\" alt=\"Sprite Kutu 330 Ml.\" src=\"https:\/\/i0.wp.com\/necmidoner.com\/wp-content\/uploads\/2022\/09\/sprite-kutu.jpg?fit=225%2C225&#038;ssl=1\"><\/a><\/div>\n\t\t\t\t<div class=\"sc_menuitem_info\">\n\t\t\t\t\t<h5 class=\"sc_menuitem_title\"><a class=\"show_popup_menuitem\" href=\"#\" data-rel=\"2073\" >Sprite Box 330 Ml.<\/a><\/h5>\n\t\t\t\t\t<div class=\"sc_menuitem_description\">Sprite Box 330 Ml.<\/div>\n\t\t\t\t<\/div>\n\n\t\t\t<\/div>\n\t\t<\/div><div class=\"column-1_3 column_padding_bottom\">\t\t\t<div id=\"sc_menuitems_556595138_4\" \n\t\t\t\tclass=\"sc_menuitems_item sc_menuitems_item_4 even\"\n\t\t\t\t>\n\t\t\t\t<div class=\"sc_menuitem_image\"><a class=\"show_popup_menuitem\" href=\"#\" data-rel=\"2071\" ><img decoding=\"async\" class=\"wp-post-image\" width=\"370\" height=\"370\" alt=\"Fuse Tea 330 Ml.\" src=\"https:\/\/i0.wp.com\/necmidoner.com\/wp-content\/uploads\/2022\/09\/fuse-tea-seftali-330-ml-af86-800x800-1.jpg?fit=800%2C800&#038;ssl=1\"><\/a><\/div>\n\t\t\t\t<div class=\"sc_menuitem_info\">\n\t\t\t\t\t<h5 class=\"sc_menuitem_title\"><a class=\"show_popup_menuitem\" href=\"#\" data-rel=\"2071\" >Fuse Tea 330 ml.<\/a><\/h5>\n\t\t\t\t\t<div class=\"sc_menuitem_description\">Fuse Tea 330 ml.<\/div>\n\t\t\t\t<\/div>\n\n\t\t\t<\/div>\n\t\t<\/div><div class=\"column-1_3 column_padding_bottom\">\t\t\t<div id=\"sc_menuitems_556595138_5\" \n\t\t\t\tclass=\"sc_menuitems_item sc_menuitems_item_5 odd\"\n\t\t\t\t>\n\t\t\t\t<div class=\"sc_menuitem_image\"><a class=\"show_popup_menuitem\" href=\"#\" data-rel=\"2069\" ><img decoding=\"async\" class=\"wp-post-image\" width=\"370\" height=\"370\" alt=\"K\u00fc\u00e7\u00fck Su 500 Ml.\" src=\"https:\/\/i0.wp.com\/necmidoner.com\/wp-content\/uploads\/2022\/09\/erikli-su-500-ml-6623-14-B.jpg?fit=800%2C800&#038;ssl=1\"><\/a><\/div>\n\t\t\t\t<div class=\"sc_menuitem_info\">\n\t\t\t\t\t<h5 class=\"sc_menuitem_title\"><a class=\"show_popup_menuitem\" href=\"#\" data-rel=\"2069\" >Small Water 500 Ml.<\/a><\/h5>\n\t\t\t\t\t<div class=\"sc_menuitem_description\">Small Water 500 Ml.<\/div>\n\t\t\t\t<\/div>\n\n\t\t\t<\/div>\n\t\t<\/div><div class=\"column-1_3 column_padding_bottom\">\t\t\t<div id=\"sc_menuitems_556595138_6\" \n\t\t\t\tclass=\"sc_menuitems_item sc_menuitems_item_6 even\"\n\t\t\t\t>\n\t\t\t\t<div class=\"sc_menuitem_image\"><a class=\"show_popup_menuitem\" href=\"#\" data-rel=\"2067\" ><img decoding=\"async\" class=\"wp-post-image\" width=\"370\" height=\"370\" alt=\"B\u00fcy\u00fck Su 1 Lt.\" src=\"https:\/\/i0.wp.com\/necmidoner.com\/wp-content\/uploads\/2022\/09\/7-800x800-1-600x600-1.jpg?fit=600%2C600&#038;ssl=1\"><\/a><\/div>\n\t\t\t\t<div class=\"sc_menuitem_info\">\n\t\t\t\t\t<h5 class=\"sc_menuitem_title\"><a class=\"show_popup_menuitem\" href=\"#\" data-rel=\"2067\" >Big Water 1 Lt.<\/a><\/h5>\n\t\t\t\t\t<div class=\"sc_menuitem_description\">Big Water 1 Lt.<\/div>\n\t\t\t\t<\/div>\n\n\t\t\t<\/div>\n\t\t<\/div><div class=\"column-1_3 column_padding_bottom\">\t\t\t<div id=\"sc_menuitems_556595138_7\" \n\t\t\t\tclass=\"sc_menuitems_item sc_menuitems_item_7 odd\"\n\t\t\t\t>\n\t\t\t\t<div class=\"sc_menuitem_image\"><a class=\"show_popup_menuitem\" href=\"#\" data-rel=\"2065\" ><img decoding=\"async\" class=\"wp-post-image\" width=\"370\" height=\"370\" alt=\"Coca Cola 2,5 Lt.\" src=\"https:\/\/i0.wp.com\/necmidoner.com\/wp-content\/uploads\/2022\/09\/ccola-2.5lt.jpg?fit=800%2C800&#038;ssl=1\"><\/a><\/div>\n\t\t\t\t<div class=\"sc_menuitem_info\">\n\t\t\t\t\t<h5 class=\"sc_menuitem_title\"><a class=\"show_popup_menuitem\" href=\"#\" data-rel=\"2065\" >Coca Cola 2.5 Lt.<\/a><\/h5>\n\t\t\t\t\t<div class=\"sc_menuitem_description\">Coca Cola 2.5 Lt.<\/div>\n\t\t\t\t<\/div>\n\n\t\t\t<\/div>\n\t\t<\/div><div class=\"column-1_3 column_padding_bottom\">\t\t\t<div id=\"sc_menuitems_556595138_8\" \n\t\t\t\tclass=\"sc_menuitems_item sc_menuitems_item_8 even\"\n\t\t\t\t>\n\t\t\t\t<div class=\"sc_menuitem_image\"><a class=\"show_popup_menuitem\" href=\"#\" data-rel=\"2063\" ><img decoding=\"async\" class=\"wp-post-image\" width=\"370\" height=\"370\" alt=\"Soda (Maden Suyu)\" src=\"https:\/\/i0.wp.com\/necmidoner.com\/wp-content\/uploads\/2022\/09\/beypazari-sade-soda.jpg?fit=800%2C800&#038;ssl=1\"><\/a><\/div>\n\t\t\t\t<div class=\"sc_menuitem_info\">\n\t\t\t\t\t<h5 class=\"sc_menuitem_title\"><a class=\"show_popup_menuitem\" href=\"#\" data-rel=\"2063\" >Soda (Mineral Water)<\/a><\/h5>\n\t\t\t\t\t<div class=\"sc_menuitem_description\">Soda (Mineral Water)<\/div>\n\t\t\t\t<\/div>\n\n\t\t\t<\/div>\n\t\t<\/div><div class=\"column-1_3 column_padding_bottom\">\t\t\t<div id=\"sc_menuitems_556595138_9\" \n\t\t\t\tclass=\"sc_menuitems_item sc_menuitems_item_9 odd\"\n\t\t\t\t>\n\t\t\t\t<div class=\"sc_menuitem_image\"><a class=\"show_popup_menuitem\" href=\"#\" data-rel=\"2061\" ><img decoding=\"async\" class=\"wp-post-image\" width=\"370\" height=\"370\" alt=\"\u015ealgam Suyu\" src=\"https:\/\/i0.wp.com\/necmidoner.com\/wp-content\/uploads\/2022\/09\/torku-bordo-salgam-suyu-1-lt.jpg?fit=800%2C800&#038;ssl=1\"><\/a><\/div>\n\t\t\t\t<div class=\"sc_menuitem_info\">\n\t\t\t\t\t<h5 class=\"sc_menuitem_title\"><a class=\"show_popup_menuitem\" href=\"#\" data-rel=\"2061\" >Turnip juice<\/a><\/h5>\n\t\t\t\t\t<div class=\"sc_menuitem_description\">Turnip juice<\/div>\n\t\t\t\t<\/div>\n\n\t\t\t<\/div>\n\t\t<\/div><div class=\"column-1_3 column_padding_bottom\">\t\t\t<div id=\"sc_menuitems_556595138_10\" \n\t\t\t\tclass=\"sc_menuitems_item sc_menuitems_item_10 even\"\n\t\t\t\t>\n\t\t\t\t<div class=\"sc_menuitem_image\"><a class=\"show_popup_menuitem\" href=\"#\" data-rel=\"2059\" ><img decoding=\"async\" class=\"wp-post-image\" width=\"370\" height=\"370\" alt=\"Eker Cam \u015ei\u015fe Ayran\" src=\"https:\/\/i0.wp.com\/necmidoner.com\/wp-content\/uploads\/2022\/10\/eker-cam-sise-800-533.jpg?fit=800%2C533&#038;ssl=1\"><\/a><\/div>\n\t\t\t\t<div class=\"sc_menuitem_info\">\n\t\t\t\t\t<h5 class=\"sc_menuitem_title\"><a class=\"show_popup_menuitem\" href=\"#\" data-rel=\"2059\" >Eker Glass Bottle Ayran<\/a><\/h5>\n\t\t\t\t\t<div class=\"sc_menuitem_description\">Eker Glass Bottle Ayran 330 Ml.<\/div>\n\t\t\t\t<\/div>\n\n\t\t\t<\/div>\n\t\t<\/div><div class=\"column-1_3 column_padding_bottom\">\t\t\t<div id=\"sc_menuitems_556595138_11\" \n\t\t\t\tclass=\"sc_menuitems_item sc_menuitems_item_11 odd\"\n\t\t\t\t>\n\t\t\t\t<div class=\"sc_menuitem_image\"><a class=\"show_popup_menuitem\" href=\"#\" data-rel=\"2056\" ><img decoding=\"async\" class=\"wp-post-image\" width=\"370\" height=\"370\" alt=\"Eker Ayran 275 Ml.\" src=\"https:\/\/i0.wp.com\/necmidoner.com\/wp-content\/uploads\/2022\/10\/eker-kutu-300ml-800-533.jpg?fit=800%2C500&#038;ssl=1\"><\/a><\/div>\n\t\t\t\t<div class=\"sc_menuitem_info\">\n\t\t\t\t\t<h5 class=\"sc_menuitem_title\"><a class=\"show_popup_menuitem\" href=\"#\" data-rel=\"2056\" >Eker Ayran 275 ml.<\/a><\/h5>\n\t\t\t\t\t<div class=\"sc_menuitem_description\">Eker Ayran 275 ml.<\/div>\n\t\t\t\t<\/div>\n\n\t\t\t<\/div>\n\t\t<\/div><\/div><\/div><!-- \/.sc_menuitems --><\/div><!-- \/.sc_menuitems_wrap --><\/div><\/div><div class=\"sc_section sc_section_block margin_top_null margin_bottom_huge aligncenter\"><div class=\"sc_section_inner\"><div class=\"sc_section_content_wrap\"><a href=\"https:\/\/necmidoner.com\/en\/necmi-usta-iletisim-bilgileri\/\" class=\"sc_button sc_button_square sc_button_style_filled sc_button_size_small\">CONTACT<\/a><\/div><\/div><\/div><div class=\"vc_empty_space\"   style=\"height: 2em\"><span class=\"vc_empty_space_inner\"><\/span><\/div><\/div><\/div><\/div><\/div><div class=\"vc_row-full-width vc_clearfix\"><\/div>","protected":false},"excerpt":{"rendered":"Eker Ayran 275 ml.","protected":false},"author":1,"featured_media":0,"parent":0,"menu_order":0,"comment_status":"closed","ping_status":"closed","template":"","meta":{"om_disable_all_campaigns":false,"_monsterinsights_skip_tracking":false,"_monsterinsights_sitenote_active":false,"_monsterinsights_sitenote_note":"","_monsterinsights_sitenote_category":0,"_joinchat":[],"footnotes":""},"class_list":["post-1408","page","type-page","status-publish","hentry"],"aioseo_notices":[],"jetpack_sharing_enabled":true,"_links":{"self":[{"href":"https:\/\/necmidoner.com\/en\/wp-json\/wp\/v2\/pages\/1408","targetHints":{"allow":["GET"]}}],"collection":[{"href":"https:\/\/necmidoner.com\/en\/wp-json\/wp\/v2\/pages"}],"about":[{"href":"https:\/\/necmidoner.com\/en\/wp-json\/wp\/v2\/types\/page"}],"author":[{"embeddable":true,"href":"https:\/\/necmidoner.com\/en\/wp-json\/wp\/v2\/users\/1"}],"replies":[{"embeddable":true,"href":"https:\/\/necmidoner.com\/en\/wp-json\/wp\/v2\/comments?post=1408"}],"version-history":[{"count":17,"href":"https:\/\/necmidoner.com\/en\/wp-json\/wp\/v2\/pages\/1408\/revisions"}],"predecessor-version":[{"id":2080,"href":"https:\/\/necmidoner.com\/en\/wp-json\/wp\/v2\/pages\/1408\/revisions\/2080"}],"wp:attachment":[{"href":"https:\/\/necmidoner.com\/en\/wp-json\/wp\/v2\/media?parent=1408"}],"curies":[{"name":"wp","href":"https:\/\/api.w.org\/{rel}","templated":true}]}}