{"id":24,"date":"2016-08-01T11:45:51","date_gmt":"2016-08-01T11:45:51","guid":{"rendered":"http:\/\/necmidoner.com\/?page_id=24"},"modified":"2023-08-27T22:05:45","modified_gmt":"2023-08-27T19:05:45","slug":"necmi-usta-iletisim-bilgileri","status":"publish","type":"page","link":"https:\/\/necmidoner.com\/en\/necmi-usta-iletisim-bilgileri\/","title":{"rendered":"Communication"},"content":{"rendered":"<div class=\"vc_row wpb_row vc_row-fluid\"><div class=\"wpb_column vc_column_container vc_col-sm-12\"><div class=\"vc_column-inner\"><div class=\"wpb_wrapper\"><div id=\"sc_call_to_action_1724882928\" class=\"sc_call_to_action sc_call_to_action_style_1 sc_call_to_action_align_left margin_bottom_null margin_left_null\" style=\"width:100%;\"><div class=\"sc_call_to_action_info\"><h2 class=\"sc_call_to_action_title sc_item_title sc_item_title_without_descr\">ANTALYA \/ LARA BRANCH<\/h2><\/div><\/div><div class=\"vc_separator wpb_content_element vc_separator_align_center vc_sep_width_50 vc_sep_border_width_2 vc_sep_pos_align_left vc_separator_no_text vc_sep_color_sandy_brown\" ><span class=\"vc_sep_holder vc_sep_holder_l\"><span  class=\"vc_sep_line\"><\/span><\/span><span class=\"vc_sep_holder vc_sep_holder_r\"><span  class=\"vc_sep_line\"><\/span><\/span>\n<\/div><\/div><\/div><\/div><\/div><div class=\"vc_row wpb_row vc_row-fluid vc_custom_1470811141212\"><div class=\"wpb_column vc_column_container vc_col-sm-6\"><div class=\"vc_column-inner\"><div class=\"wpb_wrapper\"><div id=\"sc_call_to_action_1527291396\" class=\"sc_call_to_action sc_call_to_action_style_2 sc_call_to_action_align_left margin_bottom_null\" style=\"width:100%;\"><div class=\"columns_wrap\"><div class=\"sc_call_to_action_info column-3_4\"><h2 class=\"sc_call_to_action_title sc_item_title sc_item_title_without_descr\">OUR LOCATION<\/h2><\/div><\/div><\/div><div class=\"vc_separator wpb_content_element vc_separator_align_center vc_sep_width_50 vc_sep_border_width_2 vc_sep_pos_align_left vc_separator_no_text vc_sep_color_sandy_brown\" ><span class=\"vc_sep_holder vc_sep_holder_l\"><span  class=\"vc_sep_line\"><\/span><\/span><span class=\"vc_sep_holder vc_sep_holder_r\"><span  class=\"vc_sep_line\"><\/span><\/span>\n<\/div><div class=\"vc_empty_space\"   style=\"height: 6px\"><span class=\"vc_empty_space_inner\"><\/span><\/div>\n\t<div class=\"wpb_text_column wpb_content_element\" >\n\t\t<div class=\"wpb_wrapper\">\n\t\t\t<p><iframe loading=\"lazy\" style=\"border: 0;\" src=\"https:\/\/www.google.com\/maps\/embed?pb=!1m14!1m8!1m3!1d1596.1827040501364!2d30.771599504229727!3d36.85767148854386!3m2!1i1024!2i768!4f13.1!3m3!1m2!1s0x0%3A0xbedfb8bd7b0149dd!2sNECM%C4%B0%20USTA%20D%C3%96NER%20SALONU!5e0!3m2!1str!2str!4v1661333972260!5m2!1str!2str\" width=\"100%\" height=\"600\" allowfullscreen=\"allowfullscreen\"><\/iframe><\/p>\n\n\t\t<\/div>\n\t<\/div>\n<\/div><\/div><\/div><div class=\"wpb_column vc_column_container vc_col-sm-6\"><div class=\"vc_column-inner\"><div class=\"wpb_wrapper\"><div class=\"sc_section margin_right_medium margin_left_medium column-1_1\"><div class=\"sc_section_inner\"><div class=\"sc_section_content_wrap\"><div id=\"sc_call_to_action_702908021\" class=\"sc_call_to_action sc_call_to_action_style_2 sc_call_to_action_align_left margin_bottom_null\" style=\"width:100%;\"><div class=\"columns_wrap\"><div class=\"sc_call_to_action_info column-3_4\"><h2 class=\"sc_call_to_action_title sc_item_title sc_item_title_without_descr\">CONTACT INFORMATION<\/h2><\/div><\/div><\/div><div class=\"vc_separator wpb_content_element vc_separator_align_center vc_sep_width_50 vc_sep_border_width_2 vc_sep_pos_align_left vc_separator_no_text vc_sep_color_sandy_brown\" ><span class=\"vc_sep_holder vc_sep_holder_l\"><span  class=\"vc_sep_line\"><\/span><\/span><span class=\"vc_sep_holder vc_sep_holder_r\"><span  class=\"vc_sep_line\"><\/span><\/span>\n<\/div><div class=\"vc_empty_space\"   style=\"height: 6px\"><span class=\"vc_empty_space_inner\"><\/span><\/div>\n\t<div class=\"wpb_text_column wpb_content_element\" >\n\t\t<div class=\"wpb_wrapper\">\n\t\t\t<p>You can reach us using the contact information below or using the CONTACT FORM. We will call you as soon as possible\u2026<\/p>\n\n\t\t<\/div>\n\t<\/div>\n<div class=\"vc_empty_space\"   style=\"height: 1.3em\"><span class=\"vc_empty_space_inner\"><\/span><\/div><div class=\"sc_section sc_section_block margin_top_tiny margin_bottom_tiny\"><div class=\"sc_section_inner\"><div class=\"sc_section_content_wrap\"><span class=\"sc_icon icon-location-light alignleft margin_top_null margin_bottom_null\" style=\"display:block;color:#ca0808;\"><\/span>\n\t<div class=\"wpb_text_column wpb_content_element\" >\n\t\t<div class=\"wpb_wrapper\">\n\t\t\t<p>Caglayan Mahallesi Bulent Ecevit Bulv. Ahmet Necati Uluta\u015f Business Mrk. No:124\/B Muratpasa\/ANTALYA<\/p>\n\n\t\t<\/div>\n\t<\/div>\n<\/div><\/div><\/div><div class=\"vc_empty_space\"   style=\"height: 1.3em\"><span class=\"vc_empty_space_inner\"><\/span><\/div><div class=\"sc_section sc_section_block margin_bottom_tiny\"><div class=\"sc_section_inner\"><div class=\"sc_section_content_wrap\"><span class=\"sc_icon icon-clock alignleft margin_top_null margin_bottom_null\" style=\"display:block;color:#ca0808;\"><\/span>\n\t<div class=\"wpb_text_column wpb_content_element\" >\n\t\t<div class=\"wpb_wrapper\">\n\t\t\t<p><strong>Monday \u2013 Saturday<\/strong> 10:00 &#8211; 22:00\u00a0 \u00a0 |\u00a0 \u00a0<strong>Sunday<\/strong> - CLOSED !<\/p>\n\n\t\t<\/div>\n\t<\/div>\n<\/div><\/div><\/div><div class=\"vc_empty_space\"   style=\"height: 1.3em\"><span class=\"vc_empty_space_inner\"><\/span><\/div><div class=\"sc_section sc_section_block\"><div class=\"sc_section_inner\"><div class=\"sc_section_content_wrap\"><span class=\"sc_icon icon-phone alignleft margin_top_null margin_bottom_null\" style=\"display:block;color:#ca0808;\"><\/span>\n\t<div class=\"wpb_text_column wpb_content_element\" >\n\t\t<div class=\"wpb_wrapper\">\n\t\t\t<p><a href=\"tel:\/\/+902429993219\"><span aria-label=\"Call (0326) 225 13 31\">0 242 999 32 19<\/span><\/a><\/p>\n\n\t\t<\/div>\n\t<\/div>\n<span class=\"sc_icon icon-mobile-light alignleft margin_top_null margin_bottom_null\" style=\"display:block;color:#ca0808;\"><\/span>\n\t<div class=\"wpb_text_column wpb_content_element\" >\n\t\t<div class=\"wpb_wrapper\">\n\t\t\t<p><a href=\"tel:\/\/+905309741331\">0 530 974 13 31<\/a><\/p>\n\n\t\t<\/div>\n\t<\/div>\n<div class=\"vc_empty_space\"   style=\"height: 1.3em\"><span class=\"vc_empty_space_inner\"><\/span><\/div><div class=\"vc_btn3-container vc_btn3-inline\" ><a class=\"vc_general vc_btn3 vc_btn3-size-sm vc_btn3-shape-rounded vc_btn3-style-modern vc_btn3-icon-left vc_btn3-color-success\" href=\"https:\/\/api.whatsapp.com\/send?phone=+905336023531\" title=\"\"><i class=\"vc_btn3-icon fab fa-whatsapp\"><\/i> WhatsApp (0 533 602 35 31)<\/a><\/div><\/div><\/div><\/div><\/div><\/div><\/div><\/div><\/div><\/div><\/div><div class=\"vc_row wpb_row vc_row-fluid\"><div class=\"wpb_column vc_column_container vc_col-sm-12\"><div class=\"vc_column-inner\"><div class=\"wpb_wrapper\"><div class=\"vc_empty_space\"   style=\"height: 80px\"><span class=\"vc_empty_space_inner\"><\/span><\/div><div id=\"sc_call_to_action_19292895\" class=\"sc_call_to_action sc_call_to_action_style_1 sc_call_to_action_align_left margin_bottom_null margin_left_null\" style=\"width:100%;\"><div class=\"sc_call_to_action_info\"><h2 class=\"sc_call_to_action_title sc_item_title sc_item_title_without_descr\">HATAY \/ ANTAKYA BRANCH<\/h2><\/div><\/div><div class=\"vc_separator wpb_content_element vc_separator_align_center vc_sep_width_50 vc_sep_border_width_2 vc_sep_pos_align_left vc_separator_no_text vc_sep_color_sandy_brown\" ><span class=\"vc_sep_holder vc_sep_holder_l\"><span  class=\"vc_sep_line\"><\/span><\/span><span class=\"vc_sep_holder vc_sep_holder_r\"><span  class=\"vc_sep_line\"><\/span><\/span>\n<\/div><\/div><\/div><\/div><\/div><div class=\"vc_row wpb_row vc_row-fluid vc_custom_1470811141212\"><div class=\"wpb_column vc_column_container vc_col-sm-6\"><div class=\"vc_column-inner\"><div class=\"wpb_wrapper\"><div id=\"sc_call_to_action_164601705\" class=\"sc_call_to_action sc_call_to_action_style_2 sc_call_to_action_align_left margin_bottom_null\" style=\"width:100%;\"><div class=\"columns_wrap\"><div class=\"sc_call_to_action_info column-3_4\"><h2 class=\"sc_call_to_action_title sc_item_title sc_item_title_without_descr\">OUR LOCATION<\/h2><\/div><\/div><\/div><div class=\"vc_separator wpb_content_element vc_separator_align_center vc_sep_width_50 vc_sep_border_width_2 vc_sep_pos_align_left vc_separator_no_text vc_sep_color_sandy_brown\" ><span class=\"vc_sep_holder vc_sep_holder_l\"><span  class=\"vc_sep_line\"><\/span><\/span><span class=\"vc_sep_holder vc_sep_holder_r\"><span  class=\"vc_sep_line\"><\/span><\/span>\n<\/div><div class=\"vc_empty_space\"   style=\"height: 6px\"><span class=\"vc_empty_space_inner\"><\/span><\/div>\n\t<div class=\"wpb_text_column wpb_content_element\" >\n\t\t<div class=\"wpb_wrapper\">\n\t\t\t<p><iframe loading=\"lazy\" style=\"border: 0;\" src=\"https:\/\/www.google.com\/maps\/embed?pb=!1m14!1m8!1m3!1d3219.2162139267625!2d36.16411379814757!3d36.2099393052746!3m2!1i1024!2i768!4f13.1!3m3!1m2!1s0x0%3A0x73b7a883f1524777!2sNECM%C4%B0%20USTA%20D%C3%96NER%20SALONU!5e0!3m2!1str!2str!4v1661345664006!5m2!1str!2str\" width=\"100%\" height=\"600\" allowfullscreen=\"allowfullscreen\"><\/iframe><\/p>\n\n\t\t<\/div>\n\t<\/div>\n<\/div><\/div><\/div><div class=\"wpb_column vc_column_container vc_col-sm-6\"><div class=\"vc_column-inner\"><div class=\"wpb_wrapper\"><div class=\"sc_section margin_right_medium margin_left_medium\"><div class=\"sc_section_inner\"><div class=\"sc_section_content_wrap\"><div id=\"sc_call_to_action_352982716\" class=\"sc_call_to_action sc_call_to_action_style_2 sc_call_to_action_align_left margin_bottom_null\" style=\"width:100%;\"><div class=\"columns_wrap\"><div class=\"sc_call_to_action_info column-3_4\"><h2 class=\"sc_call_to_action_title sc_item_title sc_item_title_without_descr\">CONTACT INFORMATION<\/h2><\/div><\/div><\/div><div class=\"vc_separator wpb_content_element vc_separator_align_center vc_sep_width_50 vc_sep_border_width_2 vc_sep_pos_align_left vc_separator_no_text vc_sep_color_sandy_brown\" ><span class=\"vc_sep_holder vc_sep_holder_l\"><span  class=\"vc_sep_line\"><\/span><\/span><span class=\"vc_sep_holder vc_sep_holder_r\"><span  class=\"vc_sep_line\"><\/span><\/span>\n<\/div><div class=\"vc_empty_space\"   style=\"height: 6px\"><span class=\"vc_empty_space_inner\"><\/span><\/div>\n\t<div class=\"wpb_text_column wpb_content_element\" >\n\t\t<div class=\"wpb_wrapper\">\n\t\t\t<p>You can reach us using the contact information below or using the CONTACT FORM. We will call you as soon as possible\u2026<\/p>\n\n\t\t<\/div>\n\t<\/div>\n<div class=\"vc_empty_space\"   style=\"height: 1.3em\"><span class=\"vc_empty_space_inner\"><\/span><\/div><div class=\"sc_section sc_section_block margin_top_tiny margin_bottom_tiny\"><div class=\"sc_section_inner\"><div class=\"sc_section_content_wrap\"><span class=\"sc_icon icon-location-light alignleft margin_top_null margin_bottom_null\" style=\"display:block;color:#ca0808;\"><\/span>\n\t<div class=\"wpb_text_column wpb_content_element\" >\n\t\t<div class=\"wpb_wrapper\">\n\t\t\t<p>K\u00fc\u00e7\u00fckdalyan Mahallesi Do\u011fan Sokak 31060 Antakya\/Hatay<\/p>\n\n\t\t<\/div>\n\t<\/div>\n<\/div><\/div><\/div><div class=\"vc_empty_space\"   style=\"height: 1.3em\"><span class=\"vc_empty_space_inner\"><\/span><\/div><div class=\"sc_section sc_section_block margin_bottom_tiny\"><div class=\"sc_section_inner\"><div class=\"sc_section_content_wrap\"><span class=\"sc_icon icon-clock alignleft margin_top_null margin_bottom_null\" style=\"display:block;color:#ca0808;\"><\/span>\n\t<div class=\"wpb_text_column wpb_content_element\" >\n\t\t<div class=\"wpb_wrapper\">\n\t\t\t<p><strong>Monday \u2013 Saturday<\/strong> 10:00 &#8211; 22:00\u00a0 \u00a0 |\u00a0 \u00a0<strong>Sunday<\/strong> - CLOSED !<\/p>\n\n\t\t<\/div>\n\t<\/div>\n<\/div><\/div><\/div><div class=\"vc_empty_space\"   style=\"height: 1.3em\"><span class=\"vc_empty_space_inner\"><\/span><\/div><div class=\"sc_section sc_section_block\"><div class=\"sc_section_inner\"><div class=\"sc_section_content_wrap\"><span class=\"sc_icon icon-phone alignleft margin_top_null margin_bottom_null\" style=\"display:block;color:#ca0808;\"><\/span>\n\t<div class=\"wpb_text_column wpb_content_element\" >\n\t\t<div class=\"wpb_wrapper\">\n\t\t\t<p><a href=\"tel:\/\/+905340362484\">0 534 036 24 84<\/a><\/p>\n\n\t\t<\/div>\n\t<\/div>\n<span class=\"sc_icon icon-mobile-light alignleft margin_top_null margin_bottom_null\" style=\"display:block;color:#ca0808;\"><\/span>\n\t<div class=\"wpb_text_column wpb_content_element\" >\n\t\t<div class=\"wpb_wrapper\">\n\t\t\t<p><a href=\"tel:\/\/+905353803078\">0 535 380 30 78<\/a><\/p>\n\n\t\t<\/div>\n\t<\/div>\n<div class=\"vc_empty_space\"   style=\"height: 1.3em\"><span class=\"vc_empty_space_inner\"><\/span><\/div><div class=\"vc_btn3-container vc_btn3-inline\" ><a class=\"vc_general vc_btn3 vc_btn3-size-sm vc_btn3-shape-rounded vc_btn3-style-modern vc_btn3-icon-left vc_btn3-color-success\" href=\"https:\/\/api.whatsapp.com\/send?phone=+905353803078\" title=\"\"><i class=\"vc_btn3-icon fab fa-whatsapp\"><\/i> WhatsApp (0 535 380 30 78)<\/a><\/div><\/div><\/div><\/div><\/div><\/div><\/div><\/div><\/div><\/div><\/div><div class=\"vc_row wpb_row vc_row-fluid\"><div class=\"wpb_column vc_column_container vc_col-sm-2\"><div class=\"vc_column-inner\"><div class=\"wpb_wrapper\"><\/div><\/div><\/div><div class=\"wpb_column vc_column_container vc_col-sm-8\"><div class=\"vc_column-inner\"><div class=\"wpb_wrapper\"><div class=\"vc_empty_space\"   style=\"height: 50px\"><span class=\"vc_empty_space_inner\"><\/span><\/div><h2 class=\"sc_title sc_title_regular sc_align_center sc_item_title\" style=\"text-align:center;\">CONTACT FORM<\/h2>\n<div class=\"wpcf7 no-js\" id=\"wpcf7-f1642-o1\" lang=\"en-US\" dir=\"ltr\" data-wpcf7-id=\"1642\">\n<div class=\"screen-reader-response\"><p role=\"status\" aria-live=\"polite\" aria-atomic=\"true\"><\/p> <ul><\/ul><\/div>\n<form action=\"\/wp-json\/wp\/v2\/pages\/24\" method=\"post\" class=\"wpcf7-form init\" aria-label=\"contact form\" novalidate=\"novalidate\" data-status=\"init\" data-trp-original-action=\"\/en\/wp-json\/wp\/v2\/pages\/24#wpcf7-f1642-o1\">\n<div style=\"display: none;\">\n<input type=\"hidden\" name=\"_wpcf7\" value=\"1642\" \/>\n<input type=\"hidden\" name=\"_wpcf7_version\" value=\"6.0.1\" \/>\n<input type=\"hidden\" name=\"_wpcf7_locale\" value=\"en_US\" \/>\n<input type=\"hidden\" name=\"_wpcf7_unit_tag\" value=\"wpcf7-f1642-o1\" \/>\n<input type=\"hidden\" name=\"_wpcf7_container_post\" value=\"0\" \/>\n<input type=\"hidden\" name=\"_wpcf7_posted_data_hash\" value=\"\" \/>\n<\/div>\n<div class=\"flex\">\n\t<div class='itm row' >\n\t\t<p><span class=\"wpcf7-form-control-wrap\" data-name=\"your-name\"><input size=\"40\" maxlength=\"400\" class=\"wpcf7-form-control wpcf7-text wpcf7-validates-as-required\" aria-required=\"true\" aria-invalid=\"false\" placeholder=\"Name surname*\" value=\"\" type=\"text\" name=\"your-name\" \/><\/span>\n\t\t<\/p>\n\t<\/div>\n\t<div class='itm row'>\n\t\t<p><span class=\"wpcf7-form-control-wrap\" data-name=\"your-email\"><input size=\"40\" maxlength=\"400\" class=\"wpcf7-form-control wpcf7-email wpcf7-validates-as-required wpcf7-text wpcf7-validates-as-email\" aria-required=\"true\" aria-invalid=\"false\" placeholder=\"Email Address*\" value=\"\" type=\"email\" name=\"your-email\" \/><\/span>\n\t\t<\/p>\n\t<\/div>\n<\/div>\n<div class=''>\n\t<p><span class=\"wpcf7-form-control-wrap\" data-name=\"your-message\"><textarea cols=\"40\" rows=\"10\" maxlength=\"2000\" class=\"wpcf7-form-control wpcf7-textarea wpcf7-validates-as-required\" aria-required=\"true\" aria-invalid=\"false\" placeholder=\"Your message*\" name=\"your-message\"><\/textarea><\/span>\n\t<\/p>\n<\/div>\n<div class=\"sc_form_field sc_form_field_button sc_form_field_submit\">\n\t<p><input class=\"wpcf7-form-control wpcf7-submit has-spinner\" type=\"submit\" value=\"SEND\" \/>\n\t<\/p>\n<\/div><div class=\"wpcf7-response-output\" aria-hidden=\"true\"><\/div>\n<input type=\"hidden\" name=\"trp-form-language\" value=\"en\"\/><\/form>\n<\/div>\n<\/div><\/div><\/div><div class=\"wpb_column vc_column_container vc_col-sm-2\"><div class=\"vc_column-inner\"><div class=\"wpb_wrapper\"><\/div><\/div><\/div><\/div>","protected":false},"excerpt":{"rendered":"ANTALYA \/ LARA BRANCH OUR LOCATION CONTACT INFORMATION You can reach us using our contact information below or the CONTACT FORM. We will call you as soon as possible... \u00c7a\u011flayan Mahallesi B\u00fclent Ecevit Bulv. Ahmet Necati Uluta\u015f \u0130\u015f Mrk. No:124\/B Muratpa\u015fa\/ANTALYA Monday - Saturday 10:00 - 22:00 |  Sunday - CLOSED! 0 242 999 32 19 0 530 974 13 31 [...]","protected":false},"author":1,"featured_media":0,"parent":0,"menu_order":0,"comment_status":"closed","ping_status":"closed","template":"","meta":{"om_disable_all_campaigns":false,"_monsterinsights_skip_tracking":false,"_monsterinsights_sitenote_active":false,"_monsterinsights_sitenote_note":"","_monsterinsights_sitenote_category":0,"_joinchat":[],"footnotes":""},"class_list":["post-24","page","type-page","status-publish","hentry"],"aioseo_notices":[],"jetpack_sharing_enabled":true,"_links":{"self":[{"href":"https:\/\/necmidoner.com\/en\/wp-json\/wp\/v2\/pages\/24","targetHints":{"allow":["GET"]}}],"collection":[{"href":"https:\/\/necmidoner.com\/en\/wp-json\/wp\/v2\/pages"}],"about":[{"href":"https:\/\/necmidoner.com\/en\/wp-json\/wp\/v2\/types\/page"}],"author":[{"embeddable":true,"href":"https:\/\/necmidoner.com\/en\/wp-json\/wp\/v2\/users\/1"}],"replies":[{"embeddable":true,"href":"https:\/\/necmidoner.com\/en\/wp-json\/wp\/v2\/comments?post=24"}],"version-history":[{"count":75,"href":"https:\/\/necmidoner.com\/en\/wp-json\/wp\/v2\/pages\/24\/revisions"}],"predecessor-version":[{"id":2511,"href":"https:\/\/necmidoner.com\/en\/wp-json\/wp\/v2\/pages\/24\/revisions\/2511"}],"wp:attachment":[{"href":"https:\/\/necmidoner.com\/en\/wp-json\/wp\/v2\/media?parent=24"}],"curies":[{"name":"wp","href":"https:\/\/api.w.org\/{rel}","templated":true}]}}